{"id":290,"date":"2017-03-17T15:19:25","date_gmt":"2017-03-17T15:19:25","guid":{"rendered":"https:\/\/www.casavaldeseroma.it\/location-and-contacts\/"},"modified":"2019-06-14T11:37:32","modified_gmt":"2019-06-14T11:37:32","slug":"guenstiges-hotel-petersdom-rom","status":"publish","type":"page","link":"https:\/\/www.casavaldeseroma.it\/de\/guenstiges-hotel-petersdom-rom\/","title":{"rendered":"Lage und Kontakte"},"content":{"rendered":"<p>Das Hotel Casa Valdese Roma ist ein preisg\u00fcnstiges Hotel in der N\u00e4he des Petersdoms in Rom und liegt in einer der sch\u00f6nsten und ruhigsten Gegenden der Hauptstadt, nicht weit vom Vatikan und einigen der wichtigsten Sehensw\u00fcrdigkeiten entfernt, wie zum Beispiel dem Petersdom und den Vatikanischen Museen.<br \/>\nIn knapp zwanzig Minuten Fu\u00dfweg erreichen Sie die Piazza del Popolo, die Piazza Navona, den Pantheon, die Piazza di Spagna und die Fontana di Trevi.<br \/>\nAuch zur Villa Borghese und zum Bio Parco von Rom, die vor allem f\u00fcr Kinder von Interesse sind, gelangen Sie schnell. Wenn Sie dagegen das Shopping lieben, ist es vom Hotel nur ein kurzer Weg zur Via del Corso und der Via Cola di Rienzo.<br \/>\nNur 200 Meter vom Hotel entfernt befindet sich eine U-Bahn-Station.<\/p>\n","protected":false},"excerpt":{"rendered":"<p>Das Hotel Casa Valdese Roma ist ein preisg\u00fcnstiges Hotel in der N\u00e4he des Petersdoms in Rom und liegt in einer der sch\u00f6nsten und ruhigsten Gegenden der Hauptstadt, nicht weit vom Vatikan und einigen der wichtigsten Sehensw\u00fcrdigkeiten entfernt, wie zum Beispiel dem Petersdom und den Vatikanischen Museen. In knapp zwanzig Minuten Fu\u00dfweg erreichen Sie die Piazza [&hellip;]<\/p>\n","protected":false},"author":1,"featured_media":0,"parent":0,"menu_order":0,"comment_status":"closed","ping_status":"closed","template":"templates\/contacts.php","meta":{"footnotes":""},"class_list":["post-290","page","type-page","status-publish","hentry"],"yoast_head":"<!-- This site is optimized with the Yoast SEO plugin v24.8.1 - https:\/\/yoast.com\/wordpress\/plugins\/seo\/ -->\n<title>Preisg\u00fcnstiges Hotel in der N\u00e4he des Petersdoms in Rom | Hotel Casa Valdese Roma<\/title>\n<meta name=\"description\" content=\"Hotel Casa Valdese Roma ist im Stadtviertel Prati, in der N\u00e4he des Petersdoms, und leicht mit \u00f6ffentlichen oder privaten Verkehrsmitteln zu erreichen.\" \/>\n<meta name=\"robots\" content=\"index, follow, max-snippet:-1, max-image-preview:large, max-video-preview:-1\" \/>\n<link rel=\"canonical\" href=\"https:\/\/www.casavaldeseroma.it\/de\/guenstiges-hotel-petersdom-rom\/\" \/>\n<meta property=\"og:locale\" content=\"de_DE\" \/>\n<meta property=\"og:type\" content=\"article\" \/>\n<meta property=\"og:title\" content=\"Preisg\u00fcnstiges Hotel in der N\u00e4he des Petersdoms in Rom | Hotel Casa Valdese Roma\" \/>\n<meta property=\"og:description\" content=\"Hotel Casa Valdese Roma ist im Stadtviertel Prati, in der N\u00e4he des Petersdoms, und leicht mit \u00f6ffentlichen oder privaten Verkehrsmitteln zu erreichen.\" \/>\n<meta property=\"og:url\" content=\"https:\/\/www.casavaldeseroma.it\/de\/guenstiges-hotel-petersdom-rom\/\" \/>\n<meta property=\"og:site_name\" content=\"Di Roma\" \/>\n<meta property=\"article:modified_time\" content=\"2019-06-14T11:37:32+00:00\" \/>\n<meta name=\"twitter:card\" content=\"summary_large_image\" \/>\n<meta name=\"twitter:label1\" content=\"Gesch\u00e4tzte Lesezeit\" \/>\n\t<meta name=\"twitter:data1\" content=\"1\u00a0Minute\" \/>\n<script type=\"application\/ld+json\" class=\"yoast-schema-graph\">{\"@context\":\"https:\/\/schema.org\",\"@graph\":[{\"@type\":\"WebPage\",\"@id\":\"https:\/\/www.casavaldeseroma.it\/de\/guenstiges-hotel-petersdom-rom\/\",\"url\":\"https:\/\/www.casavaldeseroma.it\/de\/guenstiges-hotel-petersdom-rom\/\",\"name\":\"Preisg\u00fcnstiges Hotel in der N\u00e4he des Petersdoms in Rom | Hotel Casa Valdese Roma\",\"isPartOf\":{\"@id\":\"https:\/\/www.casavaldeseroma.it\/#website\"},\"datePublished\":\"2017-03-17T15:19:25+00:00\",\"dateModified\":\"2019-06-14T11:37:32+00:00\",\"description\":\"Hotel Casa Valdese Roma ist im Stadtviertel Prati, in der N\u00e4he des Petersdoms, und leicht mit \u00f6ffentlichen oder privaten Verkehrsmitteln zu erreichen.\",\"breadcrumb\":{\"@id\":\"https:\/\/www.casavaldeseroma.it\/de\/guenstiges-hotel-petersdom-rom\/#breadcrumb\"},\"inLanguage\":\"de\",\"potentialAction\":[{\"@type\":\"ReadAction\",\"target\":[\"https:\/\/www.casavaldeseroma.it\/de\/guenstiges-hotel-petersdom-rom\/\"]}]},{\"@type\":\"BreadcrumbList\",\"@id\":\"https:\/\/www.casavaldeseroma.it\/de\/guenstiges-hotel-petersdom-rom\/#breadcrumb\",\"itemListElement\":[{\"@type\":\"ListItem\",\"position\":1,\"name\":\"Home\",\"item\":\"https:\/\/www.casavaldeseroma.it\/de\/\"},{\"@type\":\"ListItem\",\"position\":2,\"name\":\"Lage und Kontakte\"}]},{\"@type\":\"WebSite\",\"@id\":\"https:\/\/www.casavaldeseroma.it\/#website\",\"url\":\"https:\/\/www.casavaldeseroma.it\/\",\"name\":\"Di Roma\",\"description\":\"Just another WordPress site\",\"potentialAction\":[{\"@type\":\"SearchAction\",\"target\":{\"@type\":\"EntryPoint\",\"urlTemplate\":\"https:\/\/www.casavaldeseroma.it\/?s={search_term_string}\"},\"query-input\":{\"@type\":\"PropertyValueSpecification\",\"valueRequired\":true,\"valueName\":\"search_term_string\"}}],\"inLanguage\":\"de\"}]}<\/script>\n<!-- \/ Yoast SEO plugin. -->","yoast_head_json":{"title":"Preisg\u00fcnstiges Hotel in der N\u00e4he des Petersdoms in Rom | Hotel Casa Valdese Roma","description":"Hotel Casa Valdese Roma ist im Stadtviertel Prati, in der N\u00e4he des Petersdoms, und leicht mit \u00f6ffentlichen oder privaten Verkehrsmitteln zu erreichen.","robots":{"index":"index","follow":"follow","max-snippet":"max-snippet:-1","max-image-preview":"max-image-preview:large","max-video-preview":"max-video-preview:-1"},"canonical":"https:\/\/www.casavaldeseroma.it\/de\/guenstiges-hotel-petersdom-rom\/","og_locale":"de_DE","og_type":"article","og_title":"Preisg\u00fcnstiges Hotel in der N\u00e4he des Petersdoms in Rom | Hotel Casa Valdese Roma","og_description":"Hotel Casa Valdese Roma ist im Stadtviertel Prati, in der N\u00e4he des Petersdoms, und leicht mit \u00f6ffentlichen oder privaten Verkehrsmitteln zu erreichen.","og_url":"https:\/\/www.casavaldeseroma.it\/de\/guenstiges-hotel-petersdom-rom\/","og_site_name":"Di Roma","article_modified_time":"2019-06-14T11:37:32+00:00","twitter_card":"summary_large_image","twitter_misc":{"Gesch\u00e4tzte Lesezeit":"1\u00a0Minute"},"schema":{"@context":"https:\/\/schema.org","@graph":[{"@type":"WebPage","@id":"https:\/\/www.casavaldeseroma.it\/de\/guenstiges-hotel-petersdom-rom\/","url":"https:\/\/www.casavaldeseroma.it\/de\/guenstiges-hotel-petersdom-rom\/","name":"Preisg\u00fcnstiges Hotel in der N\u00e4he des Petersdoms in Rom | Hotel Casa Valdese Roma","isPartOf":{"@id":"https:\/\/www.casavaldeseroma.it\/#website"},"datePublished":"2017-03-17T15:19:25+00:00","dateModified":"2019-06-14T11:37:32+00:00","description":"Hotel Casa Valdese Roma ist im Stadtviertel Prati, in der N\u00e4he des Petersdoms, und leicht mit \u00f6ffentlichen oder privaten Verkehrsmitteln zu erreichen.","breadcrumb":{"@id":"https:\/\/www.casavaldeseroma.it\/de\/guenstiges-hotel-petersdom-rom\/#breadcrumb"},"inLanguage":"de","potentialAction":[{"@type":"ReadAction","target":["https:\/\/www.casavaldeseroma.it\/de\/guenstiges-hotel-petersdom-rom\/"]}]},{"@type":"BreadcrumbList","@id":"https:\/\/www.casavaldeseroma.it\/de\/guenstiges-hotel-petersdom-rom\/#breadcrumb","itemListElement":[{"@type":"ListItem","position":1,"name":"Home","item":"https:\/\/www.casavaldeseroma.it\/de\/"},{"@type":"ListItem","position":2,"name":"Lage und Kontakte"}]},{"@type":"WebSite","@id":"https:\/\/www.casavaldeseroma.it\/#website","url":"https:\/\/www.casavaldeseroma.it\/","name":"Di Roma","description":"Just another WordPress site","potentialAction":[{"@type":"SearchAction","target":{"@type":"EntryPoint","urlTemplate":"https:\/\/www.casavaldeseroma.it\/?s={search_term_string}"},"query-input":{"@type":"PropertyValueSpecification","valueRequired":true,"valueName":"search_term_string"}}],"inLanguage":"de"}]}},"_links":{"self":[{"href":"https:\/\/www.casavaldeseroma.it\/de\/wp-json\/wp\/v2\/pages\/290","targetHints":{"allow":["GET"]}}],"collection":[{"href":"https:\/\/www.casavaldeseroma.it\/de\/wp-json\/wp\/v2\/pages"}],"about":[{"href":"https:\/\/www.casavaldeseroma.it\/de\/wp-json\/wp\/v2\/types\/page"}],"author":[{"embeddable":true,"href":"https:\/\/www.casavaldeseroma.it\/de\/wp-json\/wp\/v2\/users\/1"}],"replies":[{"embeddable":true,"href":"https:\/\/www.casavaldeseroma.it\/de\/wp-json\/wp\/v2\/comments?post=290"}],"version-history":[{"count":11,"href":"https:\/\/www.casavaldeseroma.it\/de\/wp-json\/wp\/v2\/pages\/290\/revisions"}],"predecessor-version":[{"id":1066,"href":"https:\/\/www.casavaldeseroma.it\/de\/wp-json\/wp\/v2\/pages\/290\/revisions\/1066"}],"wp:attachment":[{"href":"https:\/\/www.casavaldeseroma.it\/de\/wp-json\/wp\/v2\/media?parent=290"}],"curies":[{"name":"wp","href":"https:\/\/api.w.org\/{rel}","templated":true}]}}