{"id":268,"date":"2017-03-13T15:53:05","date_gmt":"2017-03-13T15:53:05","guid":{"rendered":"https:\/\/www.casavaldeseroma.it\/casa-ferie-chianti-prezzi-economici\/"},"modified":"2018-01-18T15:07:29","modified_gmt":"2018-01-18T15:07:29","slug":"guenstige-zimmer-rom-zentrum-vatikan","status":"publish","type":"page","link":"https:\/\/www.casavaldeseroma.it\/de\/guenstige-zimmer-rom-zentrum-vatikan\/","title":{"rendered":"Zimmer"},"content":{"rendered":"<p>Das Hotel Casa Valdese Roma verf\u00fcgt \u00fcber 33 preisg\u00fcnstige Zimmer mit jedem Komfort. Die Einzel-, Doppel- , Dreibett- und Vierbettzimmer f\u00fcr alle Anspr\u00fcche und jedes Budget sind ideal f\u00fcr Familien mit Kindern, Einzelreisende oder Paare.<br \/>\nIn der gastfreundlichen Unterkunft in Rom, in der N\u00e4he des Vatikans, k\u00f6nnen Sie einen angenehmen Urlaub in einer sch\u00f6nen Umgebung genie\u00dfen. Die Zimmer sind modern eingerichtet und verf\u00fcgen \u00fcber Privatbad, Klimaanlage, Heizung, Satelliten-TV, Telefon, Haartrockner und kostenloses WLAN.<br \/>\nDas Hotel besitzt f\u00fcnf Stockwerke und einen Aufzug; einige Zimmer befinden sich au\u00dferhalb des Hauptgeb\u00e4udes. Wir bieten behindertengerecht ausgestattete Zimmer an.<\/p>\n","protected":false},"excerpt":{"rendered":"<p>Das Hotel Casa Valdese Roma verf\u00fcgt \u00fcber 33 preisg\u00fcnstige Zimmer mit jedem Komfort. Die Einzel-, Doppel- , Dreibett- und Vierbettzimmer f\u00fcr alle Anspr\u00fcche und jedes Budget sind ideal f\u00fcr Familien mit Kindern, Einzelreisende oder Paare. In der gastfreundlichen Unterkunft in Rom, in der N\u00e4he des Vatikans, k\u00f6nnen Sie einen angenehmen Urlaub in einer sch\u00f6nen Umgebung [&hellip;]<\/p>\n","protected":false},"author":1,"featured_media":0,"parent":0,"menu_order":0,"comment_status":"closed","ping_status":"closed","template":"templates\/rooms.php","meta":{"footnotes":""},"class_list":["post-268","page","type-page","status-publish","hentry"],"yoast_head":"<!-- This site is optimized with the Yoast SEO plugin v24.8.1 - https:\/\/yoast.com\/wordpress\/plugins\/seo\/ -->\n<title>Hotel mit preisg\u00fcnstigen Zimmern im Zentrum von Rom | Hotel Casa Valdese Rom<\/title>\n<meta name=\"description\" content=\"Hotel Casa Valdese Roma, im Viertel Prati in der N\u00e4he des Vatikans gelegen, zeichnet sich durch seine preisg\u00fcnstigen Zimmer mit jedem Komfort aus\" \/>\n<meta name=\"robots\" content=\"index, follow, max-snippet:-1, max-image-preview:large, max-video-preview:-1\" \/>\n<link rel=\"canonical\" href=\"https:\/\/www.casavaldeseroma.it\/de\/guenstige-zimmer-rom-zentrum-vatikan\/\" \/>\n<meta property=\"og:locale\" content=\"de_DE\" \/>\n<meta property=\"og:type\" content=\"article\" \/>\n<meta property=\"og:title\" content=\"Hotel mit preisg\u00fcnstigen Zimmern im Zentrum von Rom | Hotel Casa Valdese Rom\" \/>\n<meta property=\"og:description\" content=\"Hotel Casa Valdese Roma, im Viertel Prati in der N\u00e4he des Vatikans gelegen, zeichnet sich durch seine preisg\u00fcnstigen Zimmer mit jedem Komfort aus\" \/>\n<meta property=\"og:url\" content=\"https:\/\/www.casavaldeseroma.it\/de\/guenstige-zimmer-rom-zentrum-vatikan\/\" \/>\n<meta property=\"og:site_name\" content=\"Di Roma\" \/>\n<meta property=\"article:modified_time\" content=\"2018-01-18T15:07:29+00:00\" \/>\n<meta name=\"twitter:card\" content=\"summary_large_image\" \/>\n<meta name=\"twitter:label1\" content=\"Gesch\u00e4tzte Lesezeit\" \/>\n\t<meta name=\"twitter:data1\" content=\"1\u00a0Minute\" \/>\n<script type=\"application\/ld+json\" class=\"yoast-schema-graph\">{\"@context\":\"https:\/\/schema.org\",\"@graph\":[{\"@type\":\"WebPage\",\"@id\":\"https:\/\/www.casavaldeseroma.it\/de\/guenstige-zimmer-rom-zentrum-vatikan\/\",\"url\":\"https:\/\/www.casavaldeseroma.it\/de\/guenstige-zimmer-rom-zentrum-vatikan\/\",\"name\":\"Hotel mit preisg\u00fcnstigen Zimmern im Zentrum von Rom | Hotel Casa Valdese Rom\",\"isPartOf\":{\"@id\":\"https:\/\/www.casavaldeseroma.it\/#website\"},\"datePublished\":\"2017-03-13T15:53:05+00:00\",\"dateModified\":\"2018-01-18T15:07:29+00:00\",\"description\":\"Hotel Casa Valdese Roma, im Viertel Prati in der N\u00e4he des Vatikans gelegen, zeichnet sich durch seine preisg\u00fcnstigen Zimmer mit jedem Komfort aus\",\"breadcrumb\":{\"@id\":\"https:\/\/www.casavaldeseroma.it\/de\/guenstige-zimmer-rom-zentrum-vatikan\/#breadcrumb\"},\"inLanguage\":\"de\",\"potentialAction\":[{\"@type\":\"ReadAction\",\"target\":[\"https:\/\/www.casavaldeseroma.it\/de\/guenstige-zimmer-rom-zentrum-vatikan\/\"]}]},{\"@type\":\"BreadcrumbList\",\"@id\":\"https:\/\/www.casavaldeseroma.it\/de\/guenstige-zimmer-rom-zentrum-vatikan\/#breadcrumb\",\"itemListElement\":[{\"@type\":\"ListItem\",\"position\":1,\"name\":\"Home\",\"item\":\"https:\/\/www.casavaldeseroma.it\/de\/\"},{\"@type\":\"ListItem\",\"position\":2,\"name\":\"Zimmer\"}]},{\"@type\":\"WebSite\",\"@id\":\"https:\/\/www.casavaldeseroma.it\/#website\",\"url\":\"https:\/\/www.casavaldeseroma.it\/\",\"name\":\"Di Roma\",\"description\":\"Just another WordPress site\",\"potentialAction\":[{\"@type\":\"SearchAction\",\"target\":{\"@type\":\"EntryPoint\",\"urlTemplate\":\"https:\/\/www.casavaldeseroma.it\/?s={search_term_string}\"},\"query-input\":{\"@type\":\"PropertyValueSpecification\",\"valueRequired\":true,\"valueName\":\"search_term_string\"}}],\"inLanguage\":\"de\"}]}<\/script>\n<!-- \/ Yoast SEO plugin. -->","yoast_head_json":{"title":"Hotel mit preisg\u00fcnstigen Zimmern im Zentrum von Rom | Hotel Casa Valdese Rom","description":"Hotel Casa Valdese Roma, im Viertel Prati in der N\u00e4he des Vatikans gelegen, zeichnet sich durch seine preisg\u00fcnstigen Zimmer mit jedem Komfort aus","robots":{"index":"index","follow":"follow","max-snippet":"max-snippet:-1","max-image-preview":"max-image-preview:large","max-video-preview":"max-video-preview:-1"},"canonical":"https:\/\/www.casavaldeseroma.it\/de\/guenstige-zimmer-rom-zentrum-vatikan\/","og_locale":"de_DE","og_type":"article","og_title":"Hotel mit preisg\u00fcnstigen Zimmern im Zentrum von Rom | Hotel Casa Valdese Rom","og_description":"Hotel Casa Valdese Roma, im Viertel Prati in der N\u00e4he des Vatikans gelegen, zeichnet sich durch seine preisg\u00fcnstigen Zimmer mit jedem Komfort aus","og_url":"https:\/\/www.casavaldeseroma.it\/de\/guenstige-zimmer-rom-zentrum-vatikan\/","og_site_name":"Di Roma","article_modified_time":"2018-01-18T15:07:29+00:00","twitter_card":"summary_large_image","twitter_misc":{"Gesch\u00e4tzte Lesezeit":"1\u00a0Minute"},"schema":{"@context":"https:\/\/schema.org","@graph":[{"@type":"WebPage","@id":"https:\/\/www.casavaldeseroma.it\/de\/guenstige-zimmer-rom-zentrum-vatikan\/","url":"https:\/\/www.casavaldeseroma.it\/de\/guenstige-zimmer-rom-zentrum-vatikan\/","name":"Hotel mit preisg\u00fcnstigen Zimmern im Zentrum von Rom | Hotel Casa Valdese Rom","isPartOf":{"@id":"https:\/\/www.casavaldeseroma.it\/#website"},"datePublished":"2017-03-13T15:53:05+00:00","dateModified":"2018-01-18T15:07:29+00:00","description":"Hotel Casa Valdese Roma, im Viertel Prati in der N\u00e4he des Vatikans gelegen, zeichnet sich durch seine preisg\u00fcnstigen Zimmer mit jedem Komfort aus","breadcrumb":{"@id":"https:\/\/www.casavaldeseroma.it\/de\/guenstige-zimmer-rom-zentrum-vatikan\/#breadcrumb"},"inLanguage":"de","potentialAction":[{"@type":"ReadAction","target":["https:\/\/www.casavaldeseroma.it\/de\/guenstige-zimmer-rom-zentrum-vatikan\/"]}]},{"@type":"BreadcrumbList","@id":"https:\/\/www.casavaldeseroma.it\/de\/guenstige-zimmer-rom-zentrum-vatikan\/#breadcrumb","itemListElement":[{"@type":"ListItem","position":1,"name":"Home","item":"https:\/\/www.casavaldeseroma.it\/de\/"},{"@type":"ListItem","position":2,"name":"Zimmer"}]},{"@type":"WebSite","@id":"https:\/\/www.casavaldeseroma.it\/#website","url":"https:\/\/www.casavaldeseroma.it\/","name":"Di Roma","description":"Just another WordPress site","potentialAction":[{"@type":"SearchAction","target":{"@type":"EntryPoint","urlTemplate":"https:\/\/www.casavaldeseroma.it\/?s={search_term_string}"},"query-input":{"@type":"PropertyValueSpecification","valueRequired":true,"valueName":"search_term_string"}}],"inLanguage":"de"}]}},"_links":{"self":[{"href":"https:\/\/www.casavaldeseroma.it\/de\/wp-json\/wp\/v2\/pages\/268","targetHints":{"allow":["GET"]}}],"collection":[{"href":"https:\/\/www.casavaldeseroma.it\/de\/wp-json\/wp\/v2\/pages"}],"about":[{"href":"https:\/\/www.casavaldeseroma.it\/de\/wp-json\/wp\/v2\/types\/page"}],"author":[{"embeddable":true,"href":"https:\/\/www.casavaldeseroma.it\/de\/wp-json\/wp\/v2\/users\/1"}],"replies":[{"embeddable":true,"href":"https:\/\/www.casavaldeseroma.it\/de\/wp-json\/wp\/v2\/comments?post=268"}],"version-history":[{"count":11,"href":"https:\/\/www.casavaldeseroma.it\/de\/wp-json\/wp\/v2\/pages\/268\/revisions"}],"predecessor-version":[{"id":1064,"href":"https:\/\/www.casavaldeseroma.it\/de\/wp-json\/wp\/v2\/pages\/268\/revisions\/1064"}],"wp:attachment":[{"href":"https:\/\/www.casavaldeseroma.it\/de\/wp-json\/wp\/v2\/media?parent=268"}],"curies":[{"name":"wp","href":"https:\/\/api.w.org\/{rel}","templated":true}]}}