{"id":241,"date":"2017-03-13T13:42:54","date_gmt":"2017-03-13T13:42:54","guid":{"rendered":"https:\/\/www.casavaldeseroma.it\/casa-cares\/"},"modified":"2018-01-18T14:33:09","modified_gmt":"2018-01-18T14:33:09","slug":"hotel-casa-valdese-roma","status":"publish","type":"page","link":"https:\/\/www.casavaldeseroma.it\/de\/","title":{"rendered":"Hotel Casa Valdese Roma"},"content":{"rendered":"<p>Das Hotel Casa Valdese Roma ist ein Hotel im Viertel Prati, und liegt ganz in der N\u00e4he des Vatikans. Von der Terrasse im f\u00fcnften Stock aus genie\u00dft man einen herrlichen Blick auf den Petersdom.<\/p>\n<p>Das im wundersch\u00f6nen Viertel Prati gelegene Hotel Casa Valdese Roma bietet Einzel- und Doppelzimmer sowie Dreibett- und Vierbettzimmer, die ideal f\u00fcr Einzelreisende, Paare, Familien und Gruppen sind.<\/p>\n<p>Das Hotel ist in einem Geb\u00e4ude aus dem 19. Jahrhundert mit Aussichtsterrasse untergebracht. Die Evangelischen Kirche des Rheinlands schenkte es 1987 den Waldensern, die es renoviert und zu einem Hotel umgebaut haben, dessen Einnahmen der Theologischen Fakult\u00e4t der Waldenser in Rom zugutekommen.<\/p>\n<p>Seit 2013 verwaltet die Diakonie der Waldenser das G\u00e4stehaus.<\/p>\n","protected":false},"excerpt":{"rendered":"<p>Das Hotel Casa Valdese Roma ist ein Hotel im Viertel Prati, und liegt ganz in der N\u00e4he des Vatikans. Von der Terrasse im f\u00fcnften Stock aus genie\u00dft man einen herrlichen Blick auf den Petersdom. Das im wundersch\u00f6nen Viertel Prati gelegene Hotel Casa Valdese Roma bietet Einzel- und Doppelzimmer sowie Dreibett- und Vierbettzimmer, die ideal f\u00fcr [&hellip;]<\/p>\n","protected":false},"author":1,"featured_media":0,"parent":0,"menu_order":0,"comment_status":"closed","ping_status":"closed","template":"","meta":{"footnotes":""},"class_list":["post-241","page","type-page","status-publish","hentry"],"yoast_head":"<!-- This site is optimized with the Yoast SEO plugin v24.8.1 - https:\/\/yoast.com\/wordpress\/plugins\/seo\/ -->\n<title>Hotel in Rom Prati Vatikan | Hotel Casa Valdese Roma | Offizielle Website<\/title>\n<meta name=\"description\" content=\"Hotel Casa Valdese Roma, im Stadtviertel Prati in der N\u00e4he des Vatikans gelegen, zeichnet sich durch seine preisg\u00fcnstigen Zimmer mit jedem Komfort aus\" \/>\n<meta name=\"robots\" content=\"index, follow, max-snippet:-1, max-image-preview:large, max-video-preview:-1\" \/>\n<link rel=\"canonical\" href=\"https:\/\/www.casavaldeseroma.it\/de\/\" \/>\n<meta property=\"og:locale\" content=\"de_DE\" \/>\n<meta property=\"og:type\" content=\"article\" \/>\n<meta property=\"og:title\" content=\"Hotel in Rom Prati Vatikan | Hotel Casa Valdese Roma | Offizielle Website\" \/>\n<meta property=\"og:description\" content=\"Hotel Casa Valdese Roma, im Stadtviertel Prati in der N\u00e4he des Vatikans gelegen, zeichnet sich durch seine preisg\u00fcnstigen Zimmer mit jedem Komfort aus\" \/>\n<meta property=\"og:url\" content=\"https:\/\/www.casavaldeseroma.it\/de\/\" \/>\n<meta property=\"og:site_name\" content=\"Di Roma\" \/>\n<meta property=\"article:modified_time\" content=\"2018-01-18T14:33:09+00:00\" \/>\n<meta name=\"twitter:card\" content=\"summary_large_image\" \/>\n<meta name=\"twitter:label1\" content=\"Gesch\u00e4tzte Lesezeit\" \/>\n\t<meta name=\"twitter:data1\" content=\"1\u00a0Minute\" \/>\n<script type=\"application\/ld+json\" class=\"yoast-schema-graph\">{\"@context\":\"https:\/\/schema.org\",\"@graph\":[{\"@type\":\"WebPage\",\"@id\":\"https:\/\/www.casavaldeseroma.it\/de\/\",\"url\":\"https:\/\/www.casavaldeseroma.it\/de\/\",\"name\":\"Hotel in Rom Prati Vatikan | Hotel Casa Valdese Roma | Offizielle Website\",\"isPartOf\":{\"@id\":\"https:\/\/www.casavaldeseroma.it\/#website\"},\"datePublished\":\"2017-03-13T13:42:54+00:00\",\"dateModified\":\"2018-01-18T14:33:09+00:00\",\"description\":\"Hotel Casa Valdese Roma, im Stadtviertel Prati in der N\u00e4he des Vatikans gelegen, zeichnet sich durch seine preisg\u00fcnstigen Zimmer mit jedem Komfort aus\",\"breadcrumb\":{\"@id\":\"https:\/\/www.casavaldeseroma.it\/de\/#breadcrumb\"},\"inLanguage\":\"de\",\"potentialAction\":[{\"@type\":\"ReadAction\",\"target\":[\"https:\/\/www.casavaldeseroma.it\/de\/\"]}]},{\"@type\":\"BreadcrumbList\",\"@id\":\"https:\/\/www.casavaldeseroma.it\/de\/#breadcrumb\",\"itemListElement\":[{\"@type\":\"ListItem\",\"position\":1,\"name\":\"Home\",\"item\":\"https:\/\/www.casavaldeseroma.it\/de\/\"},{\"@type\":\"ListItem\",\"position\":2,\"name\":\"Hotel Casa Valdese Roma\"}]},{\"@type\":\"WebSite\",\"@id\":\"https:\/\/www.casavaldeseroma.it\/#website\",\"url\":\"https:\/\/www.casavaldeseroma.it\/\",\"name\":\"Di Roma\",\"description\":\"Just another WordPress site\",\"potentialAction\":[{\"@type\":\"SearchAction\",\"target\":{\"@type\":\"EntryPoint\",\"urlTemplate\":\"https:\/\/www.casavaldeseroma.it\/?s={search_term_string}\"},\"query-input\":{\"@type\":\"PropertyValueSpecification\",\"valueRequired\":true,\"valueName\":\"search_term_string\"}}],\"inLanguage\":\"de\"}]}<\/script>\n<!-- \/ Yoast SEO plugin. -->","yoast_head_json":{"title":"Hotel in Rom Prati Vatikan | Hotel Casa Valdese Roma | Offizielle Website","description":"Hotel Casa Valdese Roma, im Stadtviertel Prati in der N\u00e4he des Vatikans gelegen, zeichnet sich durch seine preisg\u00fcnstigen Zimmer mit jedem Komfort aus","robots":{"index":"index","follow":"follow","max-snippet":"max-snippet:-1","max-image-preview":"max-image-preview:large","max-video-preview":"max-video-preview:-1"},"canonical":"https:\/\/www.casavaldeseroma.it\/de\/","og_locale":"de_DE","og_type":"article","og_title":"Hotel in Rom Prati Vatikan | Hotel Casa Valdese Roma | Offizielle Website","og_description":"Hotel Casa Valdese Roma, im Stadtviertel Prati in der N\u00e4he des Vatikans gelegen, zeichnet sich durch seine preisg\u00fcnstigen Zimmer mit jedem Komfort aus","og_url":"https:\/\/www.casavaldeseroma.it\/de\/","og_site_name":"Di Roma","article_modified_time":"2018-01-18T14:33:09+00:00","twitter_card":"summary_large_image","twitter_misc":{"Gesch\u00e4tzte Lesezeit":"1\u00a0Minute"},"schema":{"@context":"https:\/\/schema.org","@graph":[{"@type":"WebPage","@id":"https:\/\/www.casavaldeseroma.it\/de\/","url":"https:\/\/www.casavaldeseroma.it\/de\/","name":"Hotel in Rom Prati Vatikan | Hotel Casa Valdese Roma | Offizielle Website","isPartOf":{"@id":"https:\/\/www.casavaldeseroma.it\/#website"},"datePublished":"2017-03-13T13:42:54+00:00","dateModified":"2018-01-18T14:33:09+00:00","description":"Hotel Casa Valdese Roma, im Stadtviertel Prati in der N\u00e4he des Vatikans gelegen, zeichnet sich durch seine preisg\u00fcnstigen Zimmer mit jedem Komfort aus","breadcrumb":{"@id":"https:\/\/www.casavaldeseroma.it\/de\/#breadcrumb"},"inLanguage":"de","potentialAction":[{"@type":"ReadAction","target":["https:\/\/www.casavaldeseroma.it\/de\/"]}]},{"@type":"BreadcrumbList","@id":"https:\/\/www.casavaldeseroma.it\/de\/#breadcrumb","itemListElement":[{"@type":"ListItem","position":1,"name":"Home","item":"https:\/\/www.casavaldeseroma.it\/de\/"},{"@type":"ListItem","position":2,"name":"Hotel Casa Valdese Roma"}]},{"@type":"WebSite","@id":"https:\/\/www.casavaldeseroma.it\/#website","url":"https:\/\/www.casavaldeseroma.it\/","name":"Di Roma","description":"Just another WordPress site","potentialAction":[{"@type":"SearchAction","target":{"@type":"EntryPoint","urlTemplate":"https:\/\/www.casavaldeseroma.it\/?s={search_term_string}"},"query-input":{"@type":"PropertyValueSpecification","valueRequired":true,"valueName":"search_term_string"}}],"inLanguage":"de"}]}},"_links":{"self":[{"href":"https:\/\/www.casavaldeseroma.it\/de\/wp-json\/wp\/v2\/pages\/241","targetHints":{"allow":["GET"]}}],"collection":[{"href":"https:\/\/www.casavaldeseroma.it\/de\/wp-json\/wp\/v2\/pages"}],"about":[{"href":"https:\/\/www.casavaldeseroma.it\/de\/wp-json\/wp\/v2\/types\/page"}],"author":[{"embeddable":true,"href":"https:\/\/www.casavaldeseroma.it\/de\/wp-json\/wp\/v2\/users\/1"}],"replies":[{"embeddable":true,"href":"https:\/\/www.casavaldeseroma.it\/de\/wp-json\/wp\/v2\/comments?post=241"}],"version-history":[{"count":21,"href":"https:\/\/www.casavaldeseroma.it\/de\/wp-json\/wp\/v2\/pages\/241\/revisions"}],"predecessor-version":[{"id":1078,"href":"https:\/\/www.casavaldeseroma.it\/de\/wp-json\/wp\/v2\/pages\/241\/revisions\/1078"}],"wp:attachment":[{"href":"https:\/\/www.casavaldeseroma.it\/de\/wp-json\/wp\/v2\/media?parent=241"}],"curies":[{"name":"wp","href":"https:\/\/api.w.org\/{rel}","templated":true}]}}